{"id":826,"date":"2024-11-04T22:10:15","date_gmt":"2024-11-04T22:10:15","guid":{"rendered":"https:\/\/rmcmiami.net\/?page_id=826"},"modified":"2024-11-10T18:08:43","modified_gmt":"2024-11-10T18:08:43","slug":"conexion-con-distribuidores-de-alimentos-y-equipamiento-para-la-industria-gastronomica","status":"publish","type":"page","link":"https:\/\/rmcmiami.net\/pt\/conexion-con-distribuidores-de-alimentos-y-equipamiento-para-la-industria-gastronomica\/","title":{"rendered":"Conex\u00e3o com Distribuidores de Alimentos e Equipamentos para a Ind\u00fastria Gastron\u00f4mica"},"content":{"rendered":"<div data-elementor-type=\"wp-page\" data-elementor-id=\"826\" class=\"elementor elementor-826\" data-elementor-post-type=\"page\">\n\t\t\t\t<div class=\"elementor-element elementor-element-1e5d43ec e-con-full e-flex e-con e-parent\" data-id=\"1e5d43ec\" data-element_type=\"container\" data-e-type=\"container\" data-settings=\"{&quot;background_background&quot;:&quot;classic&quot;}\">\n\t\t<div class=\"elementor-element elementor-element-727366e0 e-con-full e-flex e-con e-child\" data-id=\"727366e0\" data-element_type=\"container\" data-e-type=\"container\">\n\t\t\t\t<div class=\"elementor-element elementor-element-186dd0e elementor-widget elementor-widget-spacer\" data-id=\"186dd0e\" data-element_type=\"widget\" data-e-type=\"widget\" data-widget_type=\"spacer.default\">\n\t\t\t\t<div class=\"elementor-widget-container\">\n\t\t\t\t\t\t\t<div class=\"elementor-spacer\">\n\t\t\t<div class=\"elementor-spacer-inner\"><\/div>\n\t\t<\/div>\n\t\t\t\t\t\t<\/div>\n\t\t\t\t<\/div>\n\t\t\t\t<div class=\"elementor-element elementor-element-28391881 elementor-widget elementor-widget-heading\" data-id=\"28391881\" data-element_type=\"widget\" data-e-type=\"widget\" data-widget_type=\"heading.default\">\n\t\t\t\t<div class=\"elementor-widget-container\">\n\t\t\t\t\t<h1 class=\"elementor-heading-title elementor-size-default\">Alimentos Frescos e de Qualidade<\/h1>\t\t\t\t<\/div>\n\t\t\t\t<\/div>\n\t\t\t\t<div class=\"elementor-element elementor-element-46e214e8 elementor-widget elementor-widget-text-editor\" data-id=\"46e214e8\" data-element_type=\"widget\" data-e-type=\"widget\" data-widget_type=\"text-editor.default\">\n\t\t\t\t<div class=\"elementor-widget-container\">\n\t\t\t\t\t\t\t\t\t<p>Oferecemos contato com fornecedores de alimentos confi\u00e1veis, que garantem produtos frescos, locais e de alta qualidade, desde ingredientes b\u00e1sicos at\u00e9 produtos gourmet.<\/p>\t\t\t\t\t\t\t\t<\/div>\n\t\t\t\t<\/div>\n\t\t\t\t<div class=\"elementor-element elementor-element-21932a32 elementor-mobile-align-center elementor-widget elementor-widget-button\" data-id=\"21932a32\" data-element_type=\"widget\" data-e-type=\"widget\" data-widget_type=\"button.default\">\n\t\t\t\t<div class=\"elementor-widget-container\">\n\t\t\t\t\t\t\t\t\t<div class=\"elementor-button-wrapper\">\n\t\t\t\t\t<a class=\"elementor-button elementor-button-link elementor-size-sm\" href=\"https:\/\/rmcmiami.net\/pt\/contactos\/\">\n\t\t\t\t\t\t<span class=\"elementor-button-content-wrapper\">\n\t\t\t\t\t\t\t\t\t<span class=\"elementor-button-text\">Contato<\/span>\n\t\t\t\t\t<\/span>\n\t\t\t\t\t<\/a>\n\t\t\t\t<\/div>\n\t\t\t\t\t\t\t\t<\/div>\n\t\t\t\t<\/div>\n\t\t\t\t<\/div>\n\t\t<div class=\"elementor-element elementor-element-4766e764 e-con-full e-flex e-con e-child\" data-id=\"4766e764\" data-element_type=\"container\" data-e-type=\"container\">\n\t\t\t\t<div class=\"elementor-element elementor-element-4b77c72c elementor-widget elementor-widget-image\" data-id=\"4b77c72c\" data-element_type=\"widget\" data-e-type=\"widget\" data-widget_type=\"image.default\">\n\t\t\t\t<div class=\"elementor-widget-container\">\n\t\t\t\t\t\t\t\t\t\t\t\t\t\t\t<img fetchpriority=\"high\" decoding=\"async\" width=\"315\" height=\"251\" src=\"https:\/\/rmcmiami.net\/wp-content\/uploads\/2024\/11\/Diseno-sin-titulo-47.png\" class=\"attachment-large size-large wp-image-852\" alt=\"\" srcset=\"https:\/\/rmcmiami.net\/wp-content\/uploads\/2024\/11\/Diseno-sin-titulo-47.png 315w, https:\/\/rmcmiami.net\/wp-content\/uploads\/2024\/11\/Diseno-sin-titulo-47-300x239.png 300w, https:\/\/rmcmiami.net\/wp-content\/uploads\/2024\/11\/Diseno-sin-titulo-47-183x146.png 183w, https:\/\/rmcmiami.net\/wp-content\/uploads\/2024\/11\/Diseno-sin-titulo-47-50x40.png 50w, https:\/\/rmcmiami.net\/wp-content\/uploads\/2024\/11\/Diseno-sin-titulo-47-94x75.png 94w\" sizes=\"(max-width: 315px) 100vw, 315px\" \/>\t\t\t\t\t\t\t\t\t\t\t\t\t\t\t<\/div>\n\t\t\t\t<\/div>\n\t\t\t\t<\/div>\n\t\t\t\t<\/div>\n\t\t<div class=\"elementor-element elementor-element-1df56e79 e-flex e-con-boxed e-con e-parent\" data-id=\"1df56e79\" data-element_type=\"container\" data-e-type=\"container\">\n\t\t\t\t\t<div class=\"e-con-inner\">\n\t\t<div class=\"elementor-element elementor-element-7c261680 e-con-full e-flex e-con e-child\" data-id=\"7c261680\" data-element_type=\"container\" data-e-type=\"container\">\n\t\t<div class=\"elementor-element elementor-element-537df71b e-con-full e-flex e-con e-child\" data-id=\"537df71b\" data-element_type=\"container\" data-e-type=\"container\">\n\t\t\t\t<div class=\"elementor-element elementor-element-73061ecb elementor-widget elementor-widget-image\" data-id=\"73061ecb\" data-element_type=\"widget\" data-e-type=\"widget\" data-widget_type=\"image.default\">\n\t\t\t\t<div class=\"elementor-widget-container\">\n\t\t\t\t\t\t\t\t\t\t\t\t\t\t\t<img decoding=\"async\" width=\"315\" height=\"251\" src=\"https:\/\/rmcmiami.net\/wp-content\/uploads\/2024\/11\/Diseno-sin-titulo-48.png\" class=\"attachment-large size-large wp-image-856\" alt=\"\" srcset=\"https:\/\/rmcmiami.net\/wp-content\/uploads\/2024\/11\/Diseno-sin-titulo-48.png 315w, https:\/\/rmcmiami.net\/wp-content\/uploads\/2024\/11\/Diseno-sin-titulo-48-300x239.png 300w, https:\/\/rmcmiami.net\/wp-content\/uploads\/2024\/11\/Diseno-sin-titulo-48-183x146.png 183w, https:\/\/rmcmiami.net\/wp-content\/uploads\/2024\/11\/Diseno-sin-titulo-48-50x40.png 50w, https:\/\/rmcmiami.net\/wp-content\/uploads\/2024\/11\/Diseno-sin-titulo-48-94x75.png 94w\" sizes=\"(max-width: 315px) 100vw, 315px\" \/>\t\t\t\t\t\t\t\t\t\t\t\t\t\t\t<\/div>\n\t\t\t\t<\/div>\n\t\t\t\t<div class=\"elementor-element elementor-element-14b489bc elementor-widget elementor-widget-image\" data-id=\"14b489bc\" data-element_type=\"widget\" data-e-type=\"widget\" data-widget_type=\"image.default\">\n\t\t\t\t<div class=\"elementor-widget-container\">\n\t\t\t\t\t\t\t\t\t\t\t\t\t\t\t<img decoding=\"async\" width=\"315\" height=\"253\" src=\"https:\/\/rmcmiami.net\/wp-content\/uploads\/2024\/11\/Diseno-sin-titulo-44.png\" class=\"attachment-large size-large wp-image-772\" alt=\"\" srcset=\"https:\/\/rmcmiami.net\/wp-content\/uploads\/2024\/11\/Diseno-sin-titulo-44.png 315w, https:\/\/rmcmiami.net\/wp-content\/uploads\/2024\/11\/Diseno-sin-titulo-44-300x241.png 300w, https:\/\/rmcmiami.net\/wp-content\/uploads\/2024\/11\/Diseno-sin-titulo-44-182x146.png 182w, https:\/\/rmcmiami.net\/wp-content\/uploads\/2024\/11\/Diseno-sin-titulo-44-50x40.png 50w, https:\/\/rmcmiami.net\/wp-content\/uploads\/2024\/11\/Diseno-sin-titulo-44-93x75.png 93w\" sizes=\"(max-width: 315px) 100vw, 315px\" \/>\t\t\t\t\t\t\t\t\t\t\t\t\t\t\t<\/div>\n\t\t\t\t<\/div>\n\t\t\t\t<\/div>\n\t\t<div class=\"elementor-element elementor-element-501040ef e-con-full e-flex e-con e-child\" data-id=\"501040ef\" data-element_type=\"container\" data-e-type=\"container\">\n\t\t\t\t<div class=\"elementor-element elementor-element-363cd418 elementor-widget elementor-widget-image\" data-id=\"363cd418\" data-element_type=\"widget\" data-e-type=\"widget\" data-widget_type=\"image.default\">\n\t\t\t\t<div class=\"elementor-widget-container\">\n\t\t\t\t\t\t\t\t\t\t\t\t\t\t\t<img loading=\"lazy\" decoding=\"async\" width=\"315\" height=\"251\" src=\"https:\/\/rmcmiami.net\/wp-content\/uploads\/2024\/11\/Diseno-sin-titulo-46.png\" class=\"attachment-large size-large wp-image-807\" alt=\"\" srcset=\"https:\/\/rmcmiami.net\/wp-content\/uploads\/2024\/11\/Diseno-sin-titulo-46.png 315w, https:\/\/rmcmiami.net\/wp-content\/uploads\/2024\/11\/Diseno-sin-titulo-46-300x239.png 300w, https:\/\/rmcmiami.net\/wp-content\/uploads\/2024\/11\/Diseno-sin-titulo-46-183x146.png 183w, https:\/\/rmcmiami.net\/wp-content\/uploads\/2024\/11\/Diseno-sin-titulo-46-50x40.png 50w, https:\/\/rmcmiami.net\/wp-content\/uploads\/2024\/11\/Diseno-sin-titulo-46-94x75.png 94w\" sizes=\"(max-width: 315px) 100vw, 315px\" \/>\t\t\t\t\t\t\t\t\t\t\t\t\t\t\t<\/div>\n\t\t\t\t<\/div>\n\t\t\t\t<div class=\"elementor-element elementor-element-77293e0a elementor-widget elementor-widget-image\" data-id=\"77293e0a\" data-element_type=\"widget\" data-e-type=\"widget\" data-widget_type=\"image.default\">\n\t\t\t\t<div class=\"elementor-widget-container\">\n\t\t\t\t\t\t\t\t\t\t\t\t\t\t\t<img loading=\"lazy\" decoding=\"async\" width=\"315\" height=\"251\" src=\"https:\/\/rmcmiami.net\/wp-content\/uploads\/2024\/11\/Diseno-sin-titulo-49.png\" class=\"attachment-large size-large wp-image-857\" alt=\"\" srcset=\"https:\/\/rmcmiami.net\/wp-content\/uploads\/2024\/11\/Diseno-sin-titulo-49.png 315w, https:\/\/rmcmiami.net\/wp-content\/uploads\/2024\/11\/Diseno-sin-titulo-49-300x239.png 300w, https:\/\/rmcmiami.net\/wp-content\/uploads\/2024\/11\/Diseno-sin-titulo-49-183x146.png 183w, https:\/\/rmcmiami.net\/wp-content\/uploads\/2024\/11\/Diseno-sin-titulo-49-50x40.png 50w, https:\/\/rmcmiami.net\/wp-content\/uploads\/2024\/11\/Diseno-sin-titulo-49-94x75.png 94w\" sizes=\"(max-width: 315px) 100vw, 315px\" \/>\t\t\t\t\t\t\t\t\t\t\t\t\t\t\t<\/div>\n\t\t\t\t<\/div>\n\t\t\t\t<\/div>\n\t\t\t\t<\/div>\n\t\t<div class=\"elementor-element elementor-element-9e0f28a e-con-full e-flex e-con e-child\" data-id=\"9e0f28a\" data-element_type=\"container\" data-e-type=\"container\">\n\t\t\t\t<div class=\"elementor-element elementor-element-62b6284c elementor-widget elementor-widget-heading\" data-id=\"62b6284c\" data-element_type=\"widget\" data-e-type=\"widget\" data-widget_type=\"heading.default\">\n\t\t\t\t<div class=\"elementor-widget-container\">\n\t\t\t\t\t<h3 class=\"elementor-heading-title elementor-size-default\">Acesso aos Melhores Fornecedores<\/h3>\t\t\t\t<\/div>\n\t\t\t\t<\/div>\n\t\t\t\t<div class=\"elementor-element elementor-element-1c197e80 elementor-widget elementor-widget-text-editor\" data-id=\"1c197e80\" data-element_type=\"widget\" data-e-type=\"widget\" data-widget_type=\"text-editor.default\">\n\t\t\t\t<div class=\"elementor-widget-container\">\n\t\t\t\t\t\t\t\t\t<p>En <strong>Restaurant Management Consultant Miami Corp,<\/strong> n\u00e3o somos especializados apenas em seguros e licen\u00e7as para o seu neg\u00f3cio gastron\u00f4mico; tamb\u00e9m oferecemos acesso direto a uma rede <strong>de distribuidores confi\u00e1veis<\/strong> de alimentos, equipamentos de cozinha, lou\u00e7as e muito mais.<\/p>\t\t\t\t\t\t\t\t<\/div>\n\t\t\t\t<\/div>\n\t\t\t\t<div class=\"elementor-element elementor-element-eaee8c2 elementor-mobile-align-center elementor-invisible elementor-widget elementor-widget-button\" data-id=\"eaee8c2\" data-element_type=\"widget\" data-e-type=\"widget\" data-settings=\"{&quot;_animation&quot;:&quot;fadeInDown&quot;}\" data-widget_type=\"button.default\">\n\t\t\t\t<div class=\"elementor-widget-container\">\n\t\t\t\t\t\t\t\t\t<div class=\"elementor-button-wrapper\">\n\t\t\t\t\t<a class=\"elementor-button elementor-button-link elementor-size-sm\" href=\"http:\/\/wa.link\/8fkt1v\">\n\t\t\t\t\t\t<span class=\"elementor-button-content-wrapper\">\n\t\t\t\t\t\t\t\t\t<span class=\"elementor-button-text\">Solicita\u00e7\u00e3o<\/span>\n\t\t\t\t\t<\/span>\n\t\t\t\t\t<\/a>\n\t\t\t\t<\/div>\n\t\t\t\t\t\t\t\t<\/div>\n\t\t\t\t<\/div>\n\t\t\t\t<\/div>\n\t\t\t\t\t<\/div>\n\t\t\t\t<\/div>\n\t\t<div class=\"elementor-element elementor-element-42a68dbf e-con-full e-flex e-con e-parent\" data-id=\"42a68dbf\" data-element_type=\"container\" data-e-type=\"container\" id=\"next\">\n\t\t\t\t<div class=\"elementor-element elementor-element-2c7a15f5 elementor-widget elementor-widget-heading\" data-id=\"2c7a15f5\" data-element_type=\"widget\" data-e-type=\"widget\" data-widget_type=\"heading.default\">\n\t\t\t\t<div class=\"elementor-widget-container\">\n\t\t\t\t\t<h3 class=\"elementor-heading-title elementor-size-default\">Equipamentos Profissionais de Cozinha<\/h3>\t\t\t\t<\/div>\n\t\t\t\t<\/div>\n\t\t\t\t<div class=\"elementor-element elementor-element-1d6e0636 elementor-widget elementor-widget-heading\" data-id=\"1d6e0636\" data-element_type=\"widget\" data-e-type=\"widget\" data-widget_type=\"heading.default\">\n\t\t\t\t<div class=\"elementor-widget-container\">\n\t\t\t\t\t<p class=\"elementor-heading-title elementor-size-default\">Conectamos voc\u00ea com distribuidores de equipamentos de cozinha de \u00faltima gera\u00e7\u00e3o, incluindo fornos, fog\u00f5es, refrigeradores, batedeiras industriais e todos os equipamentos que sua equipe precisa para operar com efici\u00eancia e seguran\u00e7a.<\/p>\t\t\t\t<\/div>\n\t\t\t\t<\/div>\n\t\t\t\t<div class=\"elementor-element elementor-element-e4d588b elementor-widget elementor-widget-spacer\" data-id=\"e4d588b\" data-element_type=\"widget\" data-e-type=\"widget\" data-widget_type=\"spacer.default\">\n\t\t\t\t<div class=\"elementor-widget-container\">\n\t\t\t\t\t\t\t<div class=\"elementor-spacer\">\n\t\t\t<div class=\"elementor-spacer-inner\"><\/div>\n\t\t<\/div>\n\t\t\t\t\t\t<\/div>\n\t\t\t\t<\/div>\n\t\t\t\t<\/div>\n\t\t<div class=\"elementor-element elementor-element-4fc13348 e-con-full e-flex e-con e-parent\" data-id=\"4fc13348\" data-element_type=\"container\" data-e-type=\"container\" data-settings=\"{&quot;background_background&quot;:&quot;classic&quot;}\">\n\t\t\t\t<div class=\"elementor-element elementor-element-16badc3f elementor-widget elementor-widget-heading\" data-id=\"16badc3f\" data-element_type=\"widget\" data-e-type=\"widget\" data-widget_type=\"heading.default\">\n\t\t\t\t<div class=\"elementor-widget-container\">\n\t\t\t\t\t<h3 class=\"elementor-heading-title elementor-size-default\">Vantagens de trabalhar conosco\n<\/h3>\t\t\t\t<\/div>\n\t\t\t\t<\/div>\n\t\t\t\t<\/div>\n\t\t<div class=\"elementor-element elementor-element-2cba0df8 e-con-full e-flex e-con e-parent\" data-id=\"2cba0df8\" data-element_type=\"container\" data-e-type=\"container\" data-settings=\"{&quot;background_background&quot;:&quot;classic&quot;}\">\n\t\t\t\t<div class=\"elementor-element elementor-element-3c8d0f92 elementor-widget__width-initial elementor-widget-tablet__width-inherit elementor-widget elementor-widget-image\" data-id=\"3c8d0f92\" data-element_type=\"widget\" data-e-type=\"widget\" data-widget_type=\"image.default\">\n\t\t\t\t<div class=\"elementor-widget-container\">\n\t\t\t\t\t\t\t\t\t\t\t\t\t\t\t<img loading=\"lazy\" decoding=\"async\" width=\"315\" height=\"251\" src=\"https:\/\/rmcmiami.net\/wp-content\/uploads\/2024\/11\/Diseno-sin-titulo-50.png\" class=\"attachment-large size-large wp-image-864\" alt=\"\" srcset=\"https:\/\/rmcmiami.net\/wp-content\/uploads\/2024\/11\/Diseno-sin-titulo-50.png 315w, https:\/\/rmcmiami.net\/wp-content\/uploads\/2024\/11\/Diseno-sin-titulo-50-300x239.png 300w, https:\/\/rmcmiami.net\/wp-content\/uploads\/2024\/11\/Diseno-sin-titulo-50-183x146.png 183w, https:\/\/rmcmiami.net\/wp-content\/uploads\/2024\/11\/Diseno-sin-titulo-50-50x40.png 50w, https:\/\/rmcmiami.net\/wp-content\/uploads\/2024\/11\/Diseno-sin-titulo-50-94x75.png 94w\" sizes=\"(max-width: 315px) 100vw, 315px\" \/>\t\t\t\t\t\t\t\t\t\t\t\t\t\t\t<\/div>\n\t\t\t\t<\/div>\n\t\t<div class=\"elementor-element elementor-element-3a05ed04 e-con-full e-flex e-con e-child\" data-id=\"3a05ed04\" data-element_type=\"container\" data-e-type=\"container\">\n\t\t\t\t<div class=\"elementor-element elementor-element-6f95fc84 elementor-widget elementor-widget-heading\" data-id=\"6f95fc84\" data-element_type=\"widget\" data-e-type=\"widget\" data-widget_type=\"heading.default\">\n\t\t\t\t<div class=\"elementor-widget-container\">\n\t\t\t\t\t<h2 class=\"elementor-heading-title elementor-size-default\">Rede confi\u00e1vel<\/h2>\t\t\t\t<\/div>\n\t\t\t\t<\/div>\n\t\t\t\t<div class=\"elementor-element elementor-element-666cb986 elementor-widget elementor-widget-text-editor\" data-id=\"666cb986\" data-element_type=\"widget\" data-e-type=\"widget\" data-widget_type=\"text-editor.default\">\n\t\t\t\t<div class=\"elementor-widget-container\">\n\t\t\t\t\t\t\t\t\t<ul><li>Trabalhamos apenas com fornecedores verificados que garantem produtos de alta qualidade e conformidade com as regulamenta\u00e7\u00f5es vigentes.<\/li><\/ul>\t\t\t\t\t\t\t\t<\/div>\n\t\t\t\t<\/div>\n\t\t\t\t<div class=\"elementor-element elementor-element-4f3a8672 elementor-align-left elementor-tablet-align-center elementor-widget elementor-widget-button\" data-id=\"4f3a8672\" data-element_type=\"widget\" data-e-type=\"widget\" data-widget_type=\"button.default\">\n\t\t\t\t<div class=\"elementor-widget-container\">\n\t\t\t\t\t\t\t\t\t<div class=\"elementor-button-wrapper\">\n\t\t\t\t\t<a class=\"elementor-button elementor-button-link elementor-size-sm elementor-animation-grow\" href=\"https:\/\/rmcmiami.net\/pt\/contactos\/\">\n\t\t\t\t\t\t<span class=\"elementor-button-content-wrapper\">\n\t\t\t\t\t\t\t\t\t<span class=\"elementor-button-text\">Entre em contato conosco<\/span>\n\t\t\t\t\t<\/span>\n\t\t\t\t\t<\/a>\n\t\t\t\t<\/div>\n\t\t\t\t\t\t\t\t<\/div>\n\t\t\t\t<\/div>\n\t\t\t\t<\/div>\n\t\t\t\t<\/div>\n\t\t<div class=\"elementor-element elementor-element-d1a9d69 e-flex e-con-boxed e-con e-parent\" data-id=\"d1a9d69\" data-element_type=\"container\" data-e-type=\"container\" data-settings=\"{&quot;background_background&quot;:&quot;classic&quot;}\">\n\t\t\t\t\t<div class=\"e-con-inner\">\n\t\t<div class=\"elementor-element elementor-element-785b6383 e-con-full e-flex e-con e-child\" data-id=\"785b6383\" data-element_type=\"container\" data-e-type=\"container\">\n\t\t\t\t<div class=\"elementor-element elementor-element-1bdacd33 elementor-invisible elementor-widget elementor-widget-heading\" data-id=\"1bdacd33\" data-element_type=\"widget\" data-e-type=\"widget\" data-settings=\"{&quot;_animation&quot;:&quot;fadeIn&quot;}\" data-widget_type=\"heading.default\">\n\t\t\t\t<div class=\"elementor-widget-container\">\n\t\t\t\t\t<h2 class=\"elementor-heading-title elementor-size-default\">Condi\u00e7\u00f5es competitivas<\/h2>\t\t\t\t<\/div>\n\t\t\t\t<\/div>\n\t\t\t\t<div class=\"elementor-element elementor-element-6ae5f0eb elementor-widget elementor-widget-text-editor\" data-id=\"6ae5f0eb\" data-element_type=\"widget\" data-e-type=\"widget\" data-widget_type=\"text-editor.default\">\n\t\t\t\t<div class=\"elementor-widget-container\">\n\t\t\t\t\t\t\t\t\t<p>Gra\u00e7as \u00e0s nossas parcerias, voc\u00ea poder\u00e1 acessar pre\u00e7os preferenciais e condi\u00e7\u00f5es vantajosas para o seu neg\u00f3cio.<\/p><ul><li><strong>Economia de tempo e esfor\u00e7o<\/strong>Simplificamos o processo de busca, oferecendo contatos de fornecedores selecionados de acordo com suas necessidades.<\/li><\/ul>\t\t\t\t\t\t\t\t<\/div>\n\t\t\t\t<\/div>\n\t\t\t\t<\/div>\n\t\t<div class=\"elementor-element elementor-element-74c7e0e6 e-con-full e-flex e-con e-child\" data-id=\"74c7e0e6\" data-element_type=\"container\" data-e-type=\"container\">\n\t\t\t\t<div class=\"elementor-element elementor-element-636ba469 elementor-widget elementor-widget-image\" data-id=\"636ba469\" data-element_type=\"widget\" data-e-type=\"widget\" data-widget_type=\"image.default\">\n\t\t\t\t<div class=\"elementor-widget-container\">\n\t\t\t\t\t\t\t\t\t\t\t\t\t\t\t<img loading=\"lazy\" decoding=\"async\" width=\"315\" height=\"251\" src=\"https:\/\/rmcmiami.net\/wp-content\/uploads\/2024\/11\/Diseno-sin-titulo-51.png\" class=\"attachment-large size-large wp-image-874\" alt=\"\" srcset=\"https:\/\/rmcmiami.net\/wp-content\/uploads\/2024\/11\/Diseno-sin-titulo-51.png 315w, https:\/\/rmcmiami.net\/wp-content\/uploads\/2024\/11\/Diseno-sin-titulo-51-300x239.png 300w, https:\/\/rmcmiami.net\/wp-content\/uploads\/2024\/11\/Diseno-sin-titulo-51-183x146.png 183w, https:\/\/rmcmiami.net\/wp-content\/uploads\/2024\/11\/Diseno-sin-titulo-51-50x40.png 50w, https:\/\/rmcmiami.net\/wp-content\/uploads\/2024\/11\/Diseno-sin-titulo-51-94x75.png 94w\" sizes=\"(max-width: 315px) 100vw, 315px\" \/>\t\t\t\t\t\t\t\t\t\t\t\t\t\t\t<\/div>\n\t\t\t\t<\/div>\n\t\t\t\t<\/div>\n\t\t\t\t\t<\/div>\n\t\t\t\t<\/div>\n\t\t\t\t<\/div>","protected":false},"excerpt":{"rendered":"<p>Alimentos Frescos y de Calidad Te ofrecemos contacto con proveedores de alimentos de confianza, que garantizan productos frescos, locales y de alta calidad, desde ingredientes b\u00e1sicos<span class=\"excerpt-hellip\"> [\u2026]<\/span><\/p>\n","protected":false},"author":1,"featured_media":0,"parent":0,"menu_order":0,"comment_status":"closed","ping_status":"closed","template":"","meta":{"footnotes":""},"class_list":["post-826","page","type-page","status-publish","hentry"],"_links":{"self":[{"href":"https:\/\/rmcmiami.net\/pt\/wp-json\/wp\/v2\/pages\/826","targetHints":{"allow":["GET"]}}],"collection":[{"href":"https:\/\/rmcmiami.net\/pt\/wp-json\/wp\/v2\/pages"}],"about":[{"href":"https:\/\/rmcmiami.net\/pt\/wp-json\/wp\/v2\/types\/page"}],"author":[{"embeddable":true,"href":"https:\/\/rmcmiami.net\/pt\/wp-json\/wp\/v2\/users\/1"}],"replies":[{"embeddable":true,"href":"https:\/\/rmcmiami.net\/pt\/wp-json\/wp\/v2\/comments?post=826"}],"version-history":[{"count":28,"href":"https:\/\/rmcmiami.net\/pt\/wp-json\/wp\/v2\/pages\/826\/revisions"}],"predecessor-version":[{"id":1852,"href":"https:\/\/rmcmiami.net\/pt\/wp-json\/wp\/v2\/pages\/826\/revisions\/1852"}],"wp:attachment":[{"href":"https:\/\/rmcmiami.net\/pt\/wp-json\/wp\/v2\/media?parent=826"}],"curies":[{"name":"wp","href":"https:\/\/api.w.org\/{rel}","templated":true}]}}